{"id":45,"date":"2012-09-03T16:09:33","date_gmt":"2012-09-03T14:09:33","guid":{"rendered":"http:\/\/fridolfrhudin.se\/?page_id=45"},"modified":"2022-05-26T20:31:48","modified_gmt":"2022-05-26T18:31:48","slug":"owe-clapson-2","status":"publish","type":"page","link":"https:\/\/fridolfrhudin.se\/?page_id=45","title":{"rendered":"Owe Clapson"},"content":{"rendered":"<h1>Owe Clapson<\/h1>\n<div id=\"attachment_103\" style=\"width: 595px\" class=\"wp-caption alignnone\"><img aria-describedby=\"caption-attachment-103\" loading=\"lazy\" class=\"size-large wp-image-103\" title=\"Owe Clapson\" src=\"http:\/\/fridolfrhudin.se\/wp-content\/uploads\/2012\/09\/6-720x1024.jpg\" alt=\"Owe Clapson\" width=\"585\" height=\"832\" srcset=\"https:\/\/fridolfrhudin.se\/wp-content\/uploads\/2012\/09\/6-720x1024.jpg 720w, https:\/\/fridolfrhudin.se\/wp-content\/uploads\/2012\/09\/6-211x300.jpg 211w, https:\/\/fridolfrhudin.se\/wp-content\/uploads\/2012\/09\/6.jpg 895w\" sizes=\"(max-width: 585px) 100vw, 585px\" \/><p id=\"caption-attachment-103\" class=\"wp-caption-text\">Owe Clapson<\/p><\/div>\n<p>V\u00e4rml\u00e4ndsk underh\u00e5llare som bjuder p\u00e5 ett program med visor, ber\u00e4ttelser, bondkomik, Fridolf Rhudin och lite blues. Detta till eget gitarrackompanjemang och enradigt durspel.<br \/>Programmet anpassas efter \u00f6nskem\u00e5l fr\u00e5n kortare inslag till helkv\u00e4llar. Clapson har gjort egna turn\u00e9er i USA, fr\u00e5n kust till kust. Han har innehaft rollen som L\u00f6parnisse i Rans\u00e4tersensemblens upps\u00e4ttning av V\u00e4rml\u00e4nningarna i 17 \u00e5r, bl.a p\u00e5 Stockholmsoperan och p\u00e5 turn\u00e9 i USA. P\u00e5 Skansen i Stockholm har han gestaltat bondkomikern J\u00f6dde i G\u00f6ljaryd och hemma i Munkfors har han byggt upp Fridolf Rhudin museet.<br \/>Bokas p\u00e5 tel: 070-5834358 Mail: fridolf.rhudin@telia.com eller owe.clapson@telia.com.\u00a0<\/p>\n\n\n<p><\/p>\n","protected":false},"excerpt":{"rendered":"<p>Owe Clapson V\u00e4rml\u00e4ndsk underh\u00e5llare som bjuder p\u00e5 ett program med visor, ber\u00e4ttelser, bondkomik, Fridolf Rhudin och lite blues. Detta till eget gitarrackompanjemang och enradigt durspel.Programmet anpassas efter \u00f6nskem\u00e5l fr\u00e5n kortare inslag till helkv\u00e4llar. Clapson har gjort egna turn\u00e9er i USA, fr\u00e5n kust till kust. Han har innehaft rollen som L\u00f6parnisse i Rans\u00e4tersensemblens upps\u00e4ttning av V\u00e4rml\u00e4nningarna [&hellip;]<\/p>\n","protected":false},"author":1,"featured_media":0,"parent":0,"menu_order":1,"comment_status":"closed","ping_status":"closed","template":"","meta":[],"_links":{"self":[{"href":"https:\/\/fridolfrhudin.se\/index.php?rest_route=\/wp\/v2\/pages\/45"}],"collection":[{"href":"https:\/\/fridolfrhudin.se\/index.php?rest_route=\/wp\/v2\/pages"}],"about":[{"href":"https:\/\/fridolfrhudin.se\/index.php?rest_route=\/wp\/v2\/types\/page"}],"author":[{"embeddable":true,"href":"https:\/\/fridolfrhudin.se\/index.php?rest_route=\/wp\/v2\/users\/1"}],"replies":[{"embeddable":true,"href":"https:\/\/fridolfrhudin.se\/index.php?rest_route=%2Fwp%2Fv2%2Fcomments&post=45"}],"version-history":[{"count":22,"href":"https:\/\/fridolfrhudin.se\/index.php?rest_route=\/wp\/v2\/pages\/45\/revisions"}],"predecessor-version":[{"id":438,"href":"https:\/\/fridolfrhudin.se\/index.php?rest_route=\/wp\/v2\/pages\/45\/revisions\/438"}],"wp:attachment":[{"href":"https:\/\/fridolfrhudin.se\/index.php?rest_route=%2Fwp%2Fv2%2Fmedia&parent=45"}],"curies":[{"name":"wp","href":"https:\/\/api.w.org\/{rel}","templated":true}]}}