{"id":43,"date":"2012-09-03T16:09:19","date_gmt":"2012-09-03T14:09:19","guid":{"rendered":"http:\/\/fridolfrhudin.se\/?page_id=43"},"modified":"2025-05-23T17:02:19","modified_gmt":"2025-05-23T15:02:19","slug":"svenska-bondkomikfestivalen","status":"publish","type":"page","link":"https:\/\/fridolfrhudin.se\/?page_id=43","title":{"rendered":"Svenska Bondkomikfestivalen"},"content":{"rendered":"<h1><strong>Svenska Bondkomikfestivalen 2025.<\/strong><\/h1>\n\n\n<p class=\"has-medium-font-size\">Hj\u00e4rtligt v\u00e4lkomna! Fredag 18 juli kl.18.00 Inomhus vid Munkfors konferenscenter, f.d. Folkets Hus\/ V.Nalen. Kabar\u00e9 Kosk\u00e4llan Festkv\u00e4ll s\u00e5ng, musik, komik och ceremoni kring \u00e5rets Fridolf Rhudinpris. Owe Clapson med g\u00e4ster: Hebbe Sisters &amp; Duo Sentire, Peter Karlson (Bl\u00e5 Grodorna) m.fl. Utdelning  \u00e5rets Fridolf Rhudin pris till Lars Lerin. Vi firarFridolf Rhudinmuseet 40 \u00e5r. Enklare servering i paus.                                                                                 Biljettbest\u00e4llning p\u00e5 tel. 070 5834358. Biljettpris 340:-.Swish eller kontant.<\/p>\n\n\n\n<p class=\"has-medium-font-size\">L\u00f6rdag 19 juli. ca. kl. 11 &#8211; 16. Mys, mingel och marknadsdag utomhus vid Fridolf Rhudinmuseet. Fri entr\u00e9. Marknadsf\u00f6rs\u00e4ljare v\u00e4lkomna delta. Div. underh\u00e5llning Bl.a. kl. 13 Ingvar Karlssons Gamla Polare. H\u00f6r ber\u00e4ttelsen om Olle i Skratthult, som blev Svensk-Amerikas fr\u00e4mste underh\u00e5llare m.m. F\u00f6rs\u00e4ljning av kaffe, korv och lotter. Fr\u00e5n kl. 11.30 serverar Gershedens Byalag n\u00e4vgr\u00f6t i Kvarnen. Utst\u00e4llningar. V\u00e4lkomna! Trevlig sommar!<\/p>\n","protected":false},"excerpt":{"rendered":"<p>Svenska Bondkomikfestivalen 2025. Hj\u00e4rtligt v\u00e4lkomna! Fredag 18 juli kl.18.00 Inomhus vid Munkfors konferenscenter, f.d. Folkets Hus\/ V.Nalen. Kabar\u00e9 Kosk\u00e4llan Festkv\u00e4ll s\u00e5ng, musik, komik och ceremoni kring \u00e5rets Fridolf Rhudinpris. Owe Clapson med g\u00e4ster: Hebbe Sisters &amp; Duo Sentire, Peter Karlson (Bl\u00e5 Grodorna) m.fl. Utdelning \u00e5rets Fridolf Rhudin pris till Lars Lerin. Vi firarFridolf Rhudinmuseet 40 [&hellip;]<\/p>\n","protected":false},"author":1,"featured_media":0,"parent":0,"menu_order":9,"comment_status":"closed","ping_status":"closed","template":"","meta":[],"_links":{"self":[{"href":"https:\/\/fridolfrhudin.se\/index.php?rest_route=\/wp\/v2\/pages\/43"}],"collection":[{"href":"https:\/\/fridolfrhudin.se\/index.php?rest_route=\/wp\/v2\/pages"}],"about":[{"href":"https:\/\/fridolfrhudin.se\/index.php?rest_route=\/wp\/v2\/types\/page"}],"author":[{"embeddable":true,"href":"https:\/\/fridolfrhudin.se\/index.php?rest_route=\/wp\/v2\/users\/1"}],"replies":[{"embeddable":true,"href":"https:\/\/fridolfrhudin.se\/index.php?rest_route=%2Fwp%2Fv2%2Fcomments&post=43"}],"version-history":[{"count":53,"href":"https:\/\/fridolfrhudin.se\/index.php?rest_route=\/wp\/v2\/pages\/43\/revisions"}],"predecessor-version":[{"id":504,"href":"https:\/\/fridolfrhudin.se\/index.php?rest_route=\/wp\/v2\/pages\/43\/revisions\/504"}],"wp:attachment":[{"href":"https:\/\/fridolfrhudin.se\/index.php?rest_route=%2Fwp%2Fv2%2Fmedia&parent=43"}],"curies":[{"name":"wp","href":"https:\/\/api.w.org\/{rel}","templated":true}]}}