{"id":22,"date":"2012-08-23T09:18:13","date_gmt":"2012-08-23T07:18:13","guid":{"rendered":"http:\/\/fridolfrhudin.se\/?page_id=22"},"modified":"2025-04-01T21:54:19","modified_gmt":"2025-04-01T19:54:19","slug":"om-museet","status":"publish","type":"page","link":"https:\/\/fridolfrhudin.se\/?page_id=22","title":{"rendered":"Om museet"},"content":{"rendered":"<div id=\"attachment_72\" style=\"width: 477px\" class=\"wp-caption alignnone\"><img aria-describedby=\"caption-attachment-72\" loading=\"lazy\" class=\"size-full wp-image-72\" title=\"Owe Clapson vid museet\" src=\"http:\/\/fridolfrhudin.se\/wp-content\/uploads\/2012\/08\/3-1.jpg\" alt=\"Owe Clapson vid museet\" width=\"467\" height=\"322\" srcset=\"https:\/\/fridolfrhudin.se\/wp-content\/uploads\/2012\/08\/3-1.jpg 467w, https:\/\/fridolfrhudin.se\/wp-content\/uploads\/2012\/08\/3-1-300x206.jpg 300w, https:\/\/fridolfrhudin.se\/wp-content\/uploads\/2012\/08\/3-1-250x172.jpg 250w\" sizes=\"(max-width: 467px) 100vw, 467px\" \/><p id=\"caption-attachment-72\" class=\"wp-caption-text\">Owe Clapson vid museet<\/p><\/div>\n<h1>V\u00e4lkommen till Fridolf Rhudin museet.<\/h1>\n<p>I en bevarad milj\u00f6 vid Gamla Bruket i Munkfors finns Fridolf Rhudin museet inrymt i ett hus, som var brukskontor n\u00e4r det byggdes 1823. P\u00e5 detta kontor arbetade bl.a. skaparen av folklustspelet V\u00e4rml\u00e4nningarna och visan \u00c5 j\u00e4nta \u00e5 ja, F.A. Dahlgren, som tolv\u00e5ring. Sedan 1985 finns en utst\u00e4llning om munkforskomikerna, Fridolf Rhudin, Olle i Skratthult och Bosse Parnevik i huset.<\/p>\n<p>Till museianl\u00e4ggningen h\u00f6r ocks\u00e5 ett bruksmagasin med en liten teaterlokal och rum f\u00f6r andra utst\u00e4llningar. Vid museets g\u00e5rdsplan finns Bondkomikens nationalmuseum, 2&#215;2 meter i storlek, med ett bildgalleri \u00f6ver bondkomikens portalfigurer, en lika stor Parneviks paviljong och Lars Lerins Lusthus. Museet \u00e4r \u00f6ppet sommartid men visas \u00e5ret runt vid f\u00f6rhandsbest\u00e4llning.<\/p>\n<p>P\u00e5 museet tr\u00e4ffar Du dess skapare, underh\u00e5llaren Owe Clapson, som ber\u00e4ttar, spelar och sjunger. N\u00e4r st\u00f6rre grupper kommer p\u00e5 bes\u00f6k bjuds g\u00e4sterna p\u00e5 ett program inne i Bruksmagasinet. Dessa gamla hus \u00e4r inte handikappanpassade, men det finns ramper, s\u00e5 det brukar inte vara n\u00e5gra problem med rullstolar och permobiler.<\/p>\n<p>Varje \u00e5r arrangeras Svenska Bondkomikfestivalen, en hyllning till v\u00e5ra folkliga n\u00f6jen och alla de artister som genom tiderna roat och f\u00e5tt m\u00e4nniskor att skratta. Detta, ett arrangemang med artistupptr\u00e4danden, utst\u00e4llningar, marknad och kv\u00e4llskabar\u00e9 med utdelning av Fridolf Rhudin priset.<\/p>\n<p>Fridolf Rhudin museet<br \/>Bes\u00f6ksadress: Gamla Bruket 5<br \/>Postadress: Munk\u00e5sv\u00e4gen 34\u00a0 684 31 Munkfors<br \/>Tel 070 5834358<br \/>Mail: <a href=\"mailto:fridolf.rhudin@telia.com\">fridolf.rhudin@telia.com<\/a><\/p>\n\n\n<p><\/p>\n","protected":false},"excerpt":{"rendered":"<p>V\u00e4lkommen till Fridolf Rhudin museet. I en bevarad milj\u00f6 vid Gamla Bruket i Munkfors finns Fridolf Rhudin museet inrymt i ett hus, som var brukskontor n\u00e4r det byggdes 1823. P\u00e5 detta kontor arbetade bl.a. skaparen av folklustspelet V\u00e4rml\u00e4nningarna och visan \u00c5 j\u00e4nta \u00e5 ja, F.A. Dahlgren, som tolv\u00e5ring. Sedan 1985 finns en utst\u00e4llning om munkforskomikerna, [&hellip;]<\/p>\n","protected":false},"author":1,"featured_media":0,"parent":0,"menu_order":3,"comment_status":"open","ping_status":"closed","template":"","meta":[],"_links":{"self":[{"href":"https:\/\/fridolfrhudin.se\/index.php?rest_route=\/wp\/v2\/pages\/22"}],"collection":[{"href":"https:\/\/fridolfrhudin.se\/index.php?rest_route=\/wp\/v2\/pages"}],"about":[{"href":"https:\/\/fridolfrhudin.se\/index.php?rest_route=\/wp\/v2\/types\/page"}],"author":[{"embeddable":true,"href":"https:\/\/fridolfrhudin.se\/index.php?rest_route=\/wp\/v2\/users\/1"}],"replies":[{"embeddable":true,"href":"https:\/\/fridolfrhudin.se\/index.php?rest_route=%2Fwp%2Fv2%2Fcomments&post=22"}],"version-history":[{"count":23,"href":"https:\/\/fridolfrhudin.se\/index.php?rest_route=\/wp\/v2\/pages\/22\/revisions"}],"predecessor-version":[{"id":509,"href":"https:\/\/fridolfrhudin.se\/index.php?rest_route=\/wp\/v2\/pages\/22\/revisions\/509"}],"wp:attachment":[{"href":"https:\/\/fridolfrhudin.se\/index.php?rest_route=%2Fwp%2Fv2%2Fmedia&parent=22"}],"curies":[{"name":"wp","href":"https:\/\/api.w.org\/{rel}","templated":true}]}}